{"id":129,"date":"2024-04-18T14:46:17","date_gmt":"2024-04-18T12:46:17","guid":{"rendered":"https:\/\/wp.targetfeld.de\/?page_id=129"},"modified":"2025-01-13T09:33:41","modified_gmt":"2025-01-13T08:33:41","slug":"karriere","status":"publish","type":"page","link":"https:\/\/targetgroup.de\/en\/karriere\/","title":{"rendered":"Karriere und Jobs"},"content":{"rendered":"<div class=\"section-title\" data-aos=\"fade-right\">\n<h2>Wer wir sind und wen wir suchen<\/h2>\n<\/div>\n<p>Wir sind ein Fullservice-Marktforschungsinstitut mit der Spezialisierung auf Verkehr, Kultur und Tourismus.<br \/>\nDar\u00fcber hinaus haben wir uns in den letzten Jahren auf die Entwicklung von Branchenl\u00f6sungen im Bereich Marktforschung spezialisiert. Unter anderem entwickeln und vertreiben wir Auswertungs- und QMS-Systeme.<\/p>\n<p>F\u00fcr unsere Erhebung suchen wir engagierte und zuverl\u00e4ssige <b>freiberufliche Mitarbeiter (m\/w\/d)<\/b> f\u00fcr die Durchf\u00fchrung von <b>Befragungen, Mystery Shopping und Qualit\u00e4tstests<\/b>.<\/p>\n<p>Ihre Einsatzzeit k\u00f6nnen Sie, auf freiberuflicher Basis, h\u00f6chst flexibel im Umfang gestalten. Das Honorar betr\u00e4gt ca.<b>14,00\u20ac bis 18,00\u20ac<\/b> pro Stunde.<\/p>\n","protected":false},"excerpt":{"rendered":"<p>Wer wir sind und wen wir suchen Wir sind ein Fullservice-Marktforschungsinstitut mit der Spezialisierung auf Verkehr, Kultur und Tourismus. Dar\u00fcber hinaus haben wir uns in den letzten Jahren auf die Entwicklung von Branchenl\u00f6sungen im Bereich Marktforschung spezialisiert. Unter anderem entwickeln und vertreiben wir Auswertungs- und QMS-Systeme. F\u00fcr unsere Erhebung suchen wir engagierte und zuverl\u00e4ssige freiberufliche [&hellip;]<\/p>\n","protected":false},"author":1,"featured_media":0,"parent":0,"menu_order":0,"comment_status":"closed","ping_status":"closed","template":"page_jobs.php","meta":{"footnotes":""},"class_list":["post-129","page","type-page","status-publish","hentry"],"_links":{"self":[{"href":"https:\/\/targetgroup.de\/en\/wp-json\/wp\/v2\/pages\/129","targetHints":{"allow":["GET"]}}],"collection":[{"href":"https:\/\/targetgroup.de\/en\/wp-json\/wp\/v2\/pages"}],"about":[{"href":"https:\/\/targetgroup.de\/en\/wp-json\/wp\/v2\/types\/page"}],"author":[{"embeddable":true,"href":"https:\/\/targetgroup.de\/en\/wp-json\/wp\/v2\/users\/1"}],"replies":[{"embeddable":true,"href":"https:\/\/targetgroup.de\/en\/wp-json\/wp\/v2\/comments?post=129"}],"version-history":[{"count":21,"href":"https:\/\/targetgroup.de\/en\/wp-json\/wp\/v2\/pages\/129\/revisions"}],"predecessor-version":[{"id":663,"href":"https:\/\/targetgroup.de\/en\/wp-json\/wp\/v2\/pages\/129\/revisions\/663"}],"wp:attachment":[{"href":"https:\/\/targetgroup.de\/en\/wp-json\/wp\/v2\/media?parent=129"}],"curies":[{"name":"wp","href":"https:\/\/api.w.org\/{rel}","templated":true}]}}